{"id":2602,"date":"2020-01-19T18:58:41","date_gmt":"2020-01-19T18:58:41","guid":{"rendered":"https:\/\/luma.cat\/?page_id=2602"},"modified":"2020-03-22T17:35:25","modified_gmt":"2020-03-22T17:35:25","slug":"luma-team","status":"publish","type":"page","link":"https:\/\/luma.cat\/ca\/luma-team","title":{"rendered":"Luma team"},"content":{"rendered":"<p><div class=\"fusion-fullwidth fullwidth-box fusion-builder-row-1 nonhundred-percent-fullwidth non-hundred-percent-height-scrolling portada-about\" style=\"--awb-border-radius-top-left:0px;--awb-border-radius-top-right:0px;--awb-border-radius-bottom-right:0px;--awb-border-radius-bottom-left:0px;--awb-padding-top:8%;--awb-padding-bottom:6%;--awb-background-color:#e4f7f7;--awb-flex-wrap:wrap;\" ><div class=\"fusion-builder-row fusion-row\"><div class=\"fusion-layout-column fusion_builder_column fusion-builder-column-0 fusion_builder_column_1_1 1_1 fusion-one-full fusion-column-first fusion-column-last\" style=\"--awb-bg-size:cover;\"><div class=\"fusion-column-wrapper fusion-column-has-shadow fusion-flex-column-wrapper-legacy\"><div class=\"fusion-text fusion-text-1\"><h1 class=\"the-luma-team\" style=\"text-align: center;\">The Luma Team<\/h1>\n<\/div><div class=\"fusion-clearfix\"><\/div><\/div><\/div><div class=\"fusion-layout-column fusion_builder_column fusion-builder-column-1 fusion_builder_column_1_1 1_1 fusion-one-full fusion-column-first fusion-column-last separator-about-portada\" style=\"--awb-bg-size:cover;\"><div class=\"fusion-column-wrapper fusion-column-has-shadow fusion-flex-column-wrapper-legacy\"><div class=\"fusion-sep-clear\"><\/div><div class=\"fusion-separator separator\" style=\"margin-left: auto;margin-right: auto;margin-top:10px;margin-bottom:25px;width:100%;max-width:60px;\"><div class=\"fusion-separator-border sep-single sep-solid\" style=\"--awb-height:20px;--awb-amount:20px;--awb-sep-color:#8ed0e0;border-color:#8ed0e0;border-top-width:6px;\"><\/div><\/div><div class=\"fusion-sep-clear\"><\/div><div class=\"fusion-clearfix\"><\/div><\/div><\/div><div class=\"fusion-layout-column fusion_builder_column fusion-builder-column-2 fusion_builder_column_1_6 1_6 fusion-one-sixth fusion-column-first\" style=\"--awb-bg-size:cover;width:16.666666666667%;width:calc(16.666666666667% - ( ( 4% + 4% ) * 0.16666666666667 ) );margin-right: 4%;\"><div class=\"fusion-column-wrapper fusion-column-has-shadow fusion-flex-column-wrapper-legacy\"><div class=\"fusion-clearfix\"><\/div><\/div><\/div><div class=\"fusion-layout-column fusion_builder_column fusion-builder-column-3 fusion_builder_column_2_3 2_3 fusion-two-third\" style=\"--awb-bg-size:cover;width:66.666666666667%;width:calc(66.666666666667% - ( ( 4% + 4% ) * 0.66666666666667 ) );margin-right: 4%;\"><div class=\"fusion-column-wrapper fusion-column-has-shadow fusion-flex-column-wrapper-legacy\"><div class=\"fusion-text fusion-text-2\"><p style=\"text-align: center;\">Hola! Som el LUcas i la MAria, fundadors de LUMA. La innovaci\u00f3, la passi\u00f3, la qualitat, l&#8217;empatia i el treball en equip s\u00f3n els nostres valors.\u00a0Ens apassiona la nostra feina i volem formar part del vostre projecte, tot creant un equip que remi en la mateixa direcci\u00f3 per aconseguir junts tot el que ens proposem. Nosaltes tenim clar que la vostra marca \u00e9s \u00fanica i volem ajudar-vos a donar-li la rellev\u00e0ncia que es mereix.<\/p>\n<h4 style=\"text-align: center;\"><\/h4>\n<\/div><div class=\"fusion-clearfix\"><\/div><\/div><\/div><div class=\"fusion-layout-column fusion_builder_column fusion-builder-column-4 fusion_builder_column_1_6 1_6 fusion-one-sixth fusion-column-last\" style=\"--awb-bg-size:cover;width:16.666666666667%;width:calc(16.666666666667% - ( ( 4% + 4% ) * 0.16666666666667 ) );\"><div class=\"fusion-column-wrapper fusion-column-has-shadow fusion-flex-column-wrapper-legacy\"><div class=\"fusion-clearfix\"><\/div><\/div><\/div><\/div><\/div><div class=\"fusion-fullwidth fullwidth-box fusion-builder-row-2 nonhundred-percent-fullwidth non-hundred-percent-height-scrolling\" style=\"--awb-border-radius-top-left:0px;--awb-border-radius-top-right:0px;--awb-border-radius-bottom-right:0px;--awb-border-radius-bottom-left:0px;--awb-flex-wrap:wrap;\" ><div class=\"fusion-builder-row fusion-row\"><div class=\"fusion-layout-column fusion_builder_column fusion-builder-column-5 fusion_builder_column_1_1 1_1 fusion-one-full fusion-column-first fusion-column-last\" style=\"--awb-bg-size:cover;\"><div class=\"fusion-column-wrapper fusion-column-has-shadow fusion-flex-column-wrapper-legacy\"><div class=\"fusion-section-separator section-separator waves fusion-section-separator-1 waves-about\" style=\"--awb-spacer-padding-top:15.8203125%;--awb-svg-margin-left:0;--awb-svg-margin-right:0;--awb-sep-font-size:0;--awb-sep-line-height:0;\"><div class=\"fusion-section-separator-svg\"><svg class=\"fusion-waves-candy\" xmlns=\"http:\/\/www.w3.org\/2000\/svg\" version=\"1.1\" width=\"100%\" viewBox=\"0 1 1024 162\" preserveAspectRatio=\"none\" fill=\"rgba(228,247,247,1)\"><path class=\"st3\" d=\"M1024.1.156H.1V3.2c50.8 17.1 108.7 30.7 172.7 37.9 178.6 19.8 220-36.8 404.9-21.3 206.6 17.2 228 126.5 434.5 141.6 3.9.3 7.9.5 11.9.7V.156z\"\/><\/svg><\/div><div class=\"fusion-section-separator-spacer\"><div class=\"fusion-section-separator-spacer-height\"><\/div><\/div><\/div><div class=\"fusion-clearfix\"><\/div><\/div><\/div><\/div><\/div><div class=\"fusion-fullwidth fullwidth-box fusion-builder-row-3 nonhundred-percent-fullwidth non-hundred-percent-height-scrolling presentacion-about\" style=\"--awb-border-radius-top-left:0px;--awb-border-radius-top-right:0px;--awb-border-radius-bottom-right:0px;--awb-border-radius-bottom-left:0px;--awb-margin-top:-4%;--awb-flex-wrap:wrap;\" ><div class=\"fusion-builder-row fusion-row\"><div class=\"fusion-layout-column fusion_builder_column fusion-builder-column-6 fusion_builder_column_1_2 1_2 fusion-one-half fusion-column-first pic-maria\" style=\"--awb-bg-image:linear-gradient(180deg, rgba(0,0,0,0.04) 0%,rgba(0,0,0,0.04) 100%),url(https:\/\/luma.cat\/wp-content\/uploads\/2020\/01\/LuMa-01-1-e1579479687547.jpg);;--awb-bg-size:cover;width:50%;width:calc(50% - ( ( 4% ) * 0.5 ) );margin-right: 4%;\"><div class=\"fusion-column-wrapper fusion-column-has-shadow fusion-flex-column-wrapper-legacy fusion-empty-column-bg-image fusion-column-has-bg-image\" data-bg-url=\"https:\/\/luma.cat\/wp-content\/uploads\/2020\/01\/LuMa-01-1-e1579479687547.jpg\"><img decoding=\"async\" class=\"fusion-empty-dims-img-placeholder\" aria-label=\"Maria Bassegoda Luma\" src=\"data:image\/svg+xml,%3Csvg%20xmlns%3D%27http%3A%2F%2Fwww.w3.org%2F2000%2Fsvg%27%20width%3D%271152%27%20height%3D%27864%27%20viewBox%3D%270%200%201152%20864%27%3E%3Crect%20width%3D%271152%27%20height%3D%27864%27%20fill-opacity%3D%220%22%2F%3E%3C%2Fsvg%3E\"><div class=\"fusion-clearfix\"><\/div><\/div><\/div><div class=\"fusion-layout-column fusion_builder_column fusion-builder-column-7 fusion_builder_column_1_2 1_2 fusion-one-half fusion-column-last info-maria\" style=\"--awb-padding-top:4%;--awb-bg-color:rgba(228,247,247,0);--awb-bg-color-hover:rgba(228,247,247,0);--awb-bg-size:cover;width:50%;width:calc(50% - ( ( 4% ) * 0.5 ) );\"><div class=\"fusion-column-wrapper fusion-column-has-shadow fusion-flex-column-wrapper-legacy\"><div class=\"fusion-image-element in-legacy-container\" style=\"--awb-max-width:150px;--awb-caption-title-font-family:var(--h2_typography-font-family);--awb-caption-title-font-weight:var(--h2_typography-font-weight);--awb-caption-title-font-style:var(--h2_typography-font-style);--awb-caption-title-size:var(--h2_typography-font-size);--awb-caption-title-transform:var(--h2_typography-text-transform);--awb-caption-title-line-height:var(--h2_typography-line-height);--awb-caption-title-letter-spacing:var(--h2_typography-letter-spacing);\"><span class=\" fusion-imageframe imageframe-none imageframe-1 hover-type-none\"><img decoding=\"async\" width=\"200\" height=\"60\" alt=\"Logo de Luma\" title=\"logo-de-luma\" src=\"https:\/\/luma.cat\/wp-content\/uploads\/2019\/11\/logo-luma-footer-e1573948009236.png\" class=\"img-responsive wp-image-2086\"\/><\/span><\/div><div class=\"fusion-text fusion-text-3\"><h3>Maria Bassegoda<\/h3>\n<\/div><div class=\"fusion-sep-clear\"><\/div><div class=\"fusion-separator fusion-clearfix separator\" style=\"float:left;margin-top:0px;margin-bottom:20px;width:100%;max-width:60px;\"><div class=\"fusion-separator-border sep-single sep-solid\" style=\"--awb-height:20px;--awb-amount:20px;--awb-sep-color:#8ed0e0;border-color:#8ed0e0;border-top-width:6px;\"><\/div><\/div><div class=\"fusion-sep-clear\"><\/div><div class=\"fusion-text fusion-text-4\"><p>La Maria \u00e9s cofundadora de Luma i especialista en comunicaci\u00f3 i xarxes socials. Sempre al dia de les noves tend\u00e8ncies, aposta per la formaci\u00f3 continuada en aquestes dues especialitats i tamb\u00e9 en l&#8217;\u00e0mbit de l&#8217;emprenedoria. Si voleu que les vostres xarxes socials siguin una extensi\u00f3 real del vostre negoci i transmetin els valors i serveis de la vostra marca, la Maria \u00e9s la professional que necessiteu!<\/p>\n<\/div><div class=\"fusion-sep-clear\"><\/div><div class=\"fusion-separator fusion-full-width-sep\" style=\"margin-left: auto;margin-right: auto;margin-top:10px;width:100%;\"><\/div><div class=\"fusion-sep-clear\"><\/div><div class=\"fusion-social-links fusion-social-links-1\" style=\"--awb-margin-top:0px;--awb-margin-right:0px;--awb-margin-bottom:0px;--awb-margin-left:0px;--awb-box-border-top:0px;--awb-box-border-right:0px;--awb-box-border-bottom:0px;--awb-box-border-left:0px;--awb-icon-colors-hover:rgba(190,189,189,0.8);--awb-box-colors-hover:rgba(232,232,232,0.8);--awb-box-border-color:var(--awb-color3);--awb-box-border-color-hover:var(--awb-color4);\"><div class=\"fusion-social-networks color-type-custom\"><div class=\"fusion-social-networks-wrapper\"><a class=\"fusion-social-network-icon fusion-tooltip fusion-linkedin awb-icon-linkedin\" style=\"color:#212121;font-size:22px;\" data-placement=\"left\" data-title=\"LinkedIn\" data-toggle=\"tooltip\" title=\"LinkedIn\" aria-label=\"linkedin\" target=\"_blank\" rel=\"noopener noreferrer\" href=\"http:\/\/linkedin.com\/in\/maria-bassegoda-torres-08b4a913b\"><\/a><\/div><\/div><\/div><div class=\"fusion-clearfix\"><\/div><\/div><\/div><div class=\"fusion-layout-column fusion_builder_column fusion-builder-column-8 fusion_builder_column_1_1 1_1 fusion-one-full fusion-column-first fusion-column-last\" style=\"--awb-bg-size:cover;\"><div class=\"fusion-column-wrapper fusion-column-has-shadow fusion-flex-column-wrapper-legacy\"><div class=\"fusion-sep-clear\"><\/div><div class=\"fusion-separator fusion-full-width-sep\" style=\"margin-left: auto;margin-right: auto;margin-top:20px;margin-bottom:20px;width:100%;\"><\/div><div class=\"fusion-sep-clear\"><\/div><div class=\"fusion-clearfix\"><\/div><\/div><\/div><\/div><\/div><div class=\"fusion-fullwidth fullwidth-box fusion-builder-row-4 nonhundred-percent-fullwidth non-hundred-percent-height-scrolling presentacion-about-2\" style=\"--awb-border-radius-top-left:0px;--awb-border-radius-top-right:0px;--awb-border-radius-bottom-right:0px;--awb-border-radius-bottom-left:0px;--awb-flex-wrap:wrap;\" ><div class=\"fusion-builder-row fusion-row\"><div class=\"fusion-layout-column fusion_builder_column fusion-builder-column-9 fusion_builder_column_1_2 1_2 fusion-one-half fusion-column-first pic-lucas\" style=\"--awb-bg-image:linear-gradient(180deg, rgba(0,0,0,0.04) 0%,rgba(0,0,0,0.04) 100%),url(https:\/\/luma.cat\/wp-content\/uploads\/2020\/01\/LuMa-03-e1579479614783.jpg);;--awb-bg-size:cover;width:50%;width:calc(50% - ( ( 4% ) * 0.5 ) );margin-right: 4%;\"><div class=\"fusion-column-wrapper fusion-column-has-shadow fusion-flex-column-wrapper-legacy fusion-empty-column-bg-image fusion-column-has-bg-image\" data-bg-url=\"https:\/\/luma.cat\/wp-content\/uploads\/2020\/01\/LuMa-03-e1579479614783.jpg\"><img decoding=\"async\" class=\"fusion-empty-dims-img-placeholder\" alt=\"Lucas Puerta Luma\" aria-label=\"Lucas Puerta Luma\" src=\"data:image\/svg+xml,%3Csvg%20xmlns%3D%27http%3A%2F%2Fwww.w3.org%2F2000%2Fsvg%27%20width%3D%271168%27%20height%3D%27876%27%20viewBox%3D%270%200%201168%20876%27%3E%3Crect%20width%3D%271168%27%20height%3D%27876%27%20fill-opacity%3D%220%22%2F%3E%3C%2Fsvg%3E\"><div class=\"fusion-clearfix\"><\/div><\/div><\/div><div class=\"fusion-layout-column fusion_builder_column fusion-builder-column-10 fusion_builder_column_1_2 1_2 fusion-one-half fusion-column-last info-lucas\" style=\"--awb-padding-top:4%;--awb-bg-size:cover;width:50%;width:calc(50% - ( ( 4% ) * 0.5 ) );\"><div class=\"fusion-column-wrapper fusion-column-has-shadow fusion-flex-column-wrapper-legacy\"><div class=\"fusion-image-element in-legacy-container\" style=\"--awb-max-width:150px;--awb-caption-title-font-family:var(--h2_typography-font-family);--awb-caption-title-font-weight:var(--h2_typography-font-weight);--awb-caption-title-font-style:var(--h2_typography-font-style);--awb-caption-title-size:var(--h2_typography-font-size);--awb-caption-title-transform:var(--h2_typography-text-transform);--awb-caption-title-line-height:var(--h2_typography-line-height);--awb-caption-title-letter-spacing:var(--h2_typography-letter-spacing);\"><span class=\" fusion-imageframe imageframe-none imageframe-2 hover-type-none\"><img decoding=\"async\" width=\"200\" height=\"60\" alt=\"Logo de Luma\" title=\"logo-de-luma\" src=\"https:\/\/luma.cat\/wp-content\/uploads\/2019\/11\/logo-luma-footer-e1573948009236.png\" class=\"img-responsive wp-image-2086\"\/><\/span><\/div><div class=\"fusion-text fusion-text-5\"><h3 style=\"text-align: left;\">Lucas Puerta<\/h3>\n<\/div><div class=\"fusion-sep-clear\"><\/div><div class=\"fusion-separator fusion-clearfix separator\" style=\"float:left;margin-top:0px;margin-bottom:20px;width:100%;max-width:60px;\"><div class=\"fusion-separator-border sep-single sep-solid\" style=\"--awb-height:20px;--awb-amount:20px;--awb-sep-color:#8ed0e0;border-color:#8ed0e0;border-top-width:6px;\"><\/div><\/div><div class=\"fusion-sep-clear\"><\/div><div class=\"fusion-text fusion-text-6\"><p>El Lucas \u00e9s cofundador de Luma i especialista en estrat\u00e8gia digital i creaci\u00f3 de p\u00e0gines web i e-commerce. T\u00e9 una \u00e0mplia formaci\u00f3 en aquestes dues disciplines i tamb\u00e9 en l&#8217;\u00e0mbit de l&#8217;emprenedoria. Apassionat de les noves tecnologies i la innovaci\u00f3, des de fa dos anys que es forma en tecnologia Blockchain. Si voleu una p\u00e0gina web incre\u00efble i ben posicionada, ell \u00e9s el professional que busqueu!<\/p>\n<\/div><div class=\"fusion-sep-clear\"><\/div><div class=\"fusion-separator fusion-full-width-sep\" style=\"margin-left: auto;margin-right: auto;margin-top:10px;width:100%;\"><\/div><div class=\"fusion-sep-clear\"><\/div><div class=\"fusion-social-links fusion-social-links-2\" style=\"--awb-margin-top:0px;--awb-margin-right:0px;--awb-margin-bottom:0px;--awb-margin-left:0px;--awb-box-border-top:0px;--awb-box-border-right:0px;--awb-box-border-bottom:0px;--awb-box-border-left:0px;--awb-icon-colors-hover:rgba(190,189,189,0.8);--awb-box-colors-hover:rgba(232,232,232,0.8);--awb-box-border-color:var(--awb-color3);--awb-box-border-color-hover:var(--awb-color4);\"><div class=\"fusion-social-networks color-type-custom\"><div class=\"fusion-social-networks-wrapper\"><a class=\"fusion-social-network-icon fusion-tooltip fusion-linkedin awb-icon-linkedin\" style=\"color:#212121;font-size:22px;\" data-placement=\"left\" data-title=\"LinkedIn\" data-toggle=\"tooltip\" title=\"LinkedIn\" aria-label=\"linkedin\" target=\"_blank\" rel=\"noopener noreferrer\" href=\"http:\/\/linkedin.com\/in\/lucas-puerta-70993bb8\"><\/a><\/div><\/div><\/div><div class=\"fusion-clearfix\"><\/div><\/div><\/div><\/div><\/div><div class=\"fusion-fullwidth fullwidth-box fusion-builder-row-5 nonhundred-percent-fullwidth non-hundred-percent-height-scrolling\" style=\"--awb-border-radius-top-left:0px;--awb-border-radius-top-right:0px;--awb-border-radius-bottom-right:0px;--awb-border-radius-bottom-left:0px;--awb-flex-wrap:wrap;\" ><div class=\"fusion-builder-row fusion-row\"><div class=\"fusion-layout-column fusion_builder_column fusion-builder-column-11 fusion_builder_column_1_1 1_1 fusion-one-full fusion-column-first fusion-column-last\" style=\"--awb-bg-size:cover;\"><div class=\"fusion-column-wrapper fusion-column-has-shadow fusion-flex-column-wrapper-legacy\"><div class=\"fusion-section-separator section-separator waves fusion-section-separator-2 waves-about-top\" style=\"--awb-spacer-padding-top:15.8203125%;--awb-svg-margin-left:0;--awb-svg-margin-right:0;--awb-sep-font-size:0;--awb-sep-line-height:0;\"><div class=\"fusion-section-separator-svg\"><svg class=\"fusion-waves-candy\" xmlns=\"http:\/\/www.w3.org\/2000\/svg\" version=\"1.1\" width=\"100%\" viewBox=\"0 54 1024 162\" preserveAspectRatio=\"none\" fill=\"rgba(228,247,247,1)\"><path class=\"st3\" d=\"M1024.1 54.368c-4 .2-8 .4-11.9.7-206.5 15.1-227.9 124.4-434.5 141.6-184.9 15.5-226.3-41.1-404.9-21.3-64 7.2-121.9 20.8-172.7 37.9v3.044h1024V54.368z\"\/><\/svg><\/div><div class=\"fusion-section-separator-spacer\"><div class=\"fusion-section-separator-spacer-height\"><\/div><\/div><\/div><div class=\"fusion-clearfix\"><\/div><\/div><\/div><\/div><\/div><div class=\"fusion-fullwidth fullwidth-box fusion-builder-row-6 nonhundred-percent-fullwidth non-hundred-percent-height-scrolling quote-about\" style=\"--awb-border-radius-top-left:0px;--awb-border-radius-top-right:0px;--awb-border-radius-bottom-right:0px;--awb-border-radius-bottom-left:0px;--awb-padding-top:6%;--awb-padding-bottom:2%;--awb-background-color:#e4f7f7;--awb-flex-wrap:wrap;\" ><div class=\"fusion-builder-row fusion-row\"><div class=\"fusion-layout-column fusion_builder_column fusion-builder-column-12 fusion_builder_column_1_6 1_6 fusion-one-sixth fusion-column-first\" style=\"--awb-bg-size:cover;width:16.666666666667%;width:calc(16.666666666667% - ( ( 4% + 4% ) * 0.16666666666667 ) );margin-right: 4%;\"><div class=\"fusion-column-wrapper fusion-column-has-shadow fusion-flex-column-wrapper-legacy\"><div class=\"fusion-clearfix\"><\/div><\/div><\/div><div class=\"fusion-layout-column fusion_builder_column fusion-builder-column-13 fusion_builder_column_2_3 2_3 fusion-two-third\" style=\"--awb-bg-size:cover;width:66.666666666667%;width:calc(66.666666666667% - ( ( 4% + 4% ) * 0.66666666666667 ) );margin-right: 4%;\"><div class=\"fusion-column-wrapper fusion-column-has-shadow fusion-flex-column-wrapper-legacy\"><div class=\"fusion-text fusion-text-7\"><h1 style=\"text-align: center; font-size: 76px;\">&#8220;Your brand is born to stand out&#8221;<\/h1>\n<\/div><div class=\"fusion-clearfix\"><\/div><\/div><\/div><div class=\"fusion-layout-column fusion_builder_column fusion-builder-column-14 fusion_builder_column_1_6 1_6 fusion-one-sixth fusion-column-last\" style=\"--awb-bg-size:cover;width:16.666666666667%;width:calc(16.666666666667% - ( ( 4% + 4% ) * 0.16666666666667 ) );\"><div class=\"fusion-column-wrapper fusion-column-has-shadow fusion-flex-column-wrapper-legacy\"><div class=\"fusion-clearfix\"><\/div><\/div><\/div><\/div><\/div><\/p>\n","protected":false},"excerpt":{"rendered":"","protected":false},"author":1,"featured_media":0,"parent":0,"menu_order":0,"comment_status":"closed","ping_status":"closed","template":"100-width.php","meta":{"footnotes":""},"class_list":["post-2602","page","type-page","status-publish","hentry"],"yoast_head":"<!-- This site is optimized with the Yoast SEO plugin v27.1.1 - https:\/\/yoast.com\/product\/yoast-seo-wordpress\/ -->\n<title>The Luma team | Luma<\/title>\n<meta name=\"description\" content=\"Ens apassiona la nostra feina i volem formar part del vostre projecte. Tenemos claro que vuestra marca es \u00fanica y queremos ayudaros a darle la relevancia que merece. Tenim clar que la vostra marca \u00e9s \u00fanica i volem ajudar-vos a donar-li la rellev\u00e0ncia que es mereix.\" \/>\n<meta name=\"robots\" content=\"index, follow, max-snippet:-1, max-image-preview:large, max-video-preview:-1\" \/>\n<link rel=\"canonical\" href=\"https:\/\/luma.cat\/ca\/luma-team\" \/>\n<meta property=\"og:locale\" content=\"ca_ES\" \/>\n<meta property=\"og:type\" content=\"article\" \/>\n<meta property=\"og:title\" content=\"The Luma team | Luma\" \/>\n<meta property=\"og:description\" content=\"Ens apassiona la nostra feina i volem formar part del vostre projecte. Tenemos claro que vuestra marca es \u00fanica y queremos ayudaros a darle la relevancia que merece. Tenim clar que la vostra marca \u00e9s \u00fanica i volem ajudar-vos a donar-li la rellev\u00e0ncia que es mereix.\" \/>\n<meta property=\"og:url\" content=\"https:\/\/luma.cat\/ca\/luma-team\" \/>\n<meta property=\"og:site_name\" content=\"Luma | Agencia de Comunicai\u00f3n y Marketing Digital\" \/>\n<meta property=\"article:modified_time\" content=\"2020-03-22T17:35:25+00:00\" \/>\n<meta name=\"twitter:card\" content=\"summary_large_image\" \/>\n<meta name=\"twitter:label1\" content=\"Temps estimat de lectura\" \/>\n\t<meta name=\"twitter:data1\" content=\"23 minuts\" \/>\n<script type=\"application\/ld+json\" class=\"yoast-schema-graph\">{\"@context\":\"https:\/\/schema.org\",\"@graph\":[{\"@type\":\"WebPage\",\"@id\":\"https:\/\/luma.cat\/ca\/luma-team\",\"url\":\"https:\/\/luma.cat\/ca\/luma-team\",\"name\":\"The Luma team | Luma\",\"isPartOf\":{\"@id\":\"https:\/\/luma.cat\/#website\"},\"datePublished\":\"2020-01-19T18:58:41+00:00\",\"dateModified\":\"2020-03-22T17:35:25+00:00\",\"description\":\"Ens apassiona la nostra feina i volem formar part del vostre projecte. Tenemos claro que vuestra marca es \u00fanica y queremos ayudaros a darle la relevancia que merece. Tenim clar que la vostra marca \u00e9s \u00fanica i volem ajudar-vos a donar-li la rellev\u00e0ncia que es mereix.\",\"breadcrumb\":{\"@id\":\"https:\/\/luma.cat\/ca\/luma-team#breadcrumb\"},\"inLanguage\":\"ca\",\"potentialAction\":[{\"@type\":\"ReadAction\",\"target\":[\"https:\/\/luma.cat\/ca\/luma-team\"]}]},{\"@type\":\"BreadcrumbList\",\"@id\":\"https:\/\/luma.cat\/ca\/luma-team#breadcrumb\",\"itemListElement\":[{\"@type\":\"ListItem\",\"position\":1,\"name\":\"Portada\",\"item\":\"https:\/\/luma.cat\/ca\"},{\"@type\":\"ListItem\",\"position\":2,\"name\":\"Luma team\"}]},{\"@type\":\"WebSite\",\"@id\":\"https:\/\/luma.cat\/#website\",\"url\":\"https:\/\/luma.cat\/\",\"name\":\"Luma | Agencia de Comunicai\u00f3n y Marketing Digital\",\"description\":\"\",\"potentialAction\":[{\"@type\":\"SearchAction\",\"target\":{\"@type\":\"EntryPoint\",\"urlTemplate\":\"https:\/\/luma.cat\/?s={search_term_string}\"},\"query-input\":{\"@type\":\"PropertyValueSpecification\",\"valueRequired\":true,\"valueName\":\"search_term_string\"}}],\"inLanguage\":\"ca\"}]}<\/script>\n<!-- \/ Yoast SEO plugin. -->","yoast_head_json":{"title":"The Luma team | Luma","description":"Ens apassiona la nostra feina i volem formar part del vostre projecte. Tenemos claro que vuestra marca es \u00fanica y queremos ayudaros a darle la relevancia que merece. Tenim clar que la vostra marca \u00e9s \u00fanica i volem ajudar-vos a donar-li la rellev\u00e0ncia que es mereix.","robots":{"index":"index","follow":"follow","max-snippet":"max-snippet:-1","max-image-preview":"max-image-preview:large","max-video-preview":"max-video-preview:-1"},"canonical":"https:\/\/luma.cat\/ca\/luma-team","og_locale":"ca_ES","og_type":"article","og_title":"The Luma team | Luma","og_description":"Ens apassiona la nostra feina i volem formar part del vostre projecte. Tenemos claro que vuestra marca es \u00fanica y queremos ayudaros a darle la relevancia que merece. Tenim clar que la vostra marca \u00e9s \u00fanica i volem ajudar-vos a donar-li la rellev\u00e0ncia que es mereix.","og_url":"https:\/\/luma.cat\/ca\/luma-team","og_site_name":"Luma | Agencia de Comunicai\u00f3n y Marketing Digital","article_modified_time":"2020-03-22T17:35:25+00:00","twitter_card":"summary_large_image","twitter_misc":{"Temps estimat de lectura":"23 minuts"},"schema":{"@context":"https:\/\/schema.org","@graph":[{"@type":"WebPage","@id":"https:\/\/luma.cat\/ca\/luma-team","url":"https:\/\/luma.cat\/ca\/luma-team","name":"The Luma team | Luma","isPartOf":{"@id":"https:\/\/luma.cat\/#website"},"datePublished":"2020-01-19T18:58:41+00:00","dateModified":"2020-03-22T17:35:25+00:00","description":"Ens apassiona la nostra feina i volem formar part del vostre projecte. Tenemos claro que vuestra marca es \u00fanica y queremos ayudaros a darle la relevancia que merece. Tenim clar que la vostra marca \u00e9s \u00fanica i volem ajudar-vos a donar-li la rellev\u00e0ncia que es mereix.","breadcrumb":{"@id":"https:\/\/luma.cat\/ca\/luma-team#breadcrumb"},"inLanguage":"ca","potentialAction":[{"@type":"ReadAction","target":["https:\/\/luma.cat\/ca\/luma-team"]}]},{"@type":"BreadcrumbList","@id":"https:\/\/luma.cat\/ca\/luma-team#breadcrumb","itemListElement":[{"@type":"ListItem","position":1,"name":"Portada","item":"https:\/\/luma.cat\/ca"},{"@type":"ListItem","position":2,"name":"Luma team"}]},{"@type":"WebSite","@id":"https:\/\/luma.cat\/#website","url":"https:\/\/luma.cat\/","name":"Luma | Agencia de Comunicai\u00f3n y Marketing Digital","description":"","potentialAction":[{"@type":"SearchAction","target":{"@type":"EntryPoint","urlTemplate":"https:\/\/luma.cat\/?s={search_term_string}"},"query-input":{"@type":"PropertyValueSpecification","valueRequired":true,"valueName":"search_term_string"}}],"inLanguage":"ca"}]}},"_links":{"self":[{"href":"https:\/\/luma.cat\/ca\/wp-json\/wp\/v2\/pages\/2602","targetHints":{"allow":["GET"]}}],"collection":[{"href":"https:\/\/luma.cat\/ca\/wp-json\/wp\/v2\/pages"}],"about":[{"href":"https:\/\/luma.cat\/ca\/wp-json\/wp\/v2\/types\/page"}],"author":[{"embeddable":true,"href":"https:\/\/luma.cat\/ca\/wp-json\/wp\/v2\/users\/1"}],"replies":[{"embeddable":true,"href":"https:\/\/luma.cat\/ca\/wp-json\/wp\/v2\/comments?post=2602"}],"version-history":[{"count":112,"href":"https:\/\/luma.cat\/ca\/wp-json\/wp\/v2\/pages\/2602\/revisions"}],"predecessor-version":[{"id":3250,"href":"https:\/\/luma.cat\/ca\/wp-json\/wp\/v2\/pages\/2602\/revisions\/3250"}],"wp:attachment":[{"href":"https:\/\/luma.cat\/ca\/wp-json\/wp\/v2\/media?parent=2602"}],"curies":[{"name":"wp","href":"https:\/\/api.w.org\/{rel}","templated":true}]}}